{"id":732,"date":"2026-01-26T15:13:25","date_gmt":"2026-01-26T15:13:25","guid":{"rendered":"https:\/\/soundflowacademy.eu\/?page_id=732"},"modified":"2026-01-30T15:51:08","modified_gmt":"2026-01-30T15:51:08","slug":"gabinet-psychologiczny-w-malmo-cennik","status":"publish","type":"page","link":"https:\/\/soundflowacademy.eu\/index.php\/gabinet-psychologiczny-w-malmo-cennik\/","title":{"rendered":"Gabinet psychologiczny w Malm\u00f6\u00a0&#8211; cennik"},"content":{"rendered":"\n<p><\/p>\n\n\n\n<p>Cennik<\/p>\n\n\n\n<p><strong>Konsultacja psychologiczna \/ terapia indywidualna<\/strong><br>50 minut \u2013&nbsp;<strong>1100 SEK<\/strong><\/p>\n\n\n\n<p><strong>Konsultacja seksuologiczna<\/strong><br>50 minut \u2013&nbsp;<strong>1300 SEK<\/strong><\/p>\n\n\n\n<p><strong>Terapia par<\/strong><br>75 minut \u2013&nbsp;<strong>1600 SEK<\/strong><\/p>\n\n\n\n<hr class=\"wp-block-separator has-alpha-channel-opacity\"\/>\n\n\n\n<h3 class=\"wp-block-heading\">Pakiety terapeutyczne<\/h3>\n\n\n\n<p>Pakiety rekomendowane s\u0105 osobom planuj\u0105cym regularn\u0105 prac\u0119 terapeutyczn\u0105 i chc\u0105cym zapewni\u0107 sobie ci\u0105g\u0142o\u015b\u0107 spotka\u0144.<\/p>\n\n\n\n<ul class=\"wp-block-list\">\n<li><strong>Pakiet 4 sesji (4 \u00d7 50 minut)<\/strong><br><strong>4200 SEK<\/strong>&nbsp;<em>(1050 SEK \/ sesja)<\/em><\/li>\n\n\n\n<li><strong>Pakiet 8 sesji (8 \u00d7 50 minut)<\/strong><br><strong>8 000 SEK<\/strong>&nbsp;<em>(1000 SEK \/ sesja)<\/em><\/li>\n<\/ul>\n\n\n\n<p>Informacje dotycz\u0105ce pakiet\u00f3w:<\/p>\n\n\n\n<p>\u2022&nbsp;<strong>P\u0142atno\u015b\u0107<\/strong>:&nbsp;Pakiety s\u0105 op\u0142acane z g\u00f3ry (Swish lub przelew) przed rozpocz\u0119ciem cyklu spotka\u0144.<\/p>\n\n\n\n<p>\u2022&nbsp;<strong>Wa\u017cno\u015b\u0107<\/strong>:&nbsp;Pakiet 8 sesji jest wa\u017cny przez&nbsp;<strong>3 miesi\u0105ce<\/strong>&nbsp;od daty pierwszej sesji.<\/p>\n\n\n\n<p>\u2022&nbsp;<strong>Friskv\u00e5rdsbidrag<\/strong>:&nbsp;Pakiety s\u0105 idealnym rozwi\u0105zaniem dla os\u00f3b chc\u0105cych wykorzysta\u0107 pe\u0142ny roczny limit dofinansowania od pracodawcy na jednym rachunku (jako cykl stresshantering lub samtalsterapi).<\/p>\n\n\n\n<hr class=\"wp-block-separator has-alpha-channel-opacity\"\/>\n\n\n\n<h3 class=\"wp-block-heading\">Informacje organizacyjne<\/h3>\n\n\n\n<ul class=\"wp-block-list\">\n<li>J\u0119zyk spotka\u0144:&nbsp;<strong>polski<\/strong><\/li>\n\n\n\n<li>Forma:&nbsp;<strong>spotkania stacjonarne (Malm\u00f6) lub online&nbsp;<\/strong><\/li>\n\n\n\n<li>P\u0142atno\u015b\u0107:&nbsp;<strong>Swish lub przelew (faktura)<\/strong><\/li>\n\n\n\n<li>Odwo\u0142anie wizyty p\u00f3\u017aniej ni\u017c&nbsp;<strong>24 godziny przed terminem<\/strong>&nbsp;wi\u0105\u017ce si\u0119 z pe\u0142n\u0105 op\u0142at\u0105<\/li>\n\n\n\n<li><strong>Rezerwacja wizyty jest potwierdzona po dokonaniu p\u0142atno\u015bci<\/strong><\/li>\n<\/ul>\n\n\n\n<hr class=\"wp-block-separator has-alpha-channel-opacity\"\/>\n\n\n\n<h3 class=\"wp-block-heading\">Zapisy i kontakt<\/h3>\n\n\n\n<p>W celu uzyskania dodatkowych informacji lub zg\u0142oszenia ch\u0119ci um\u00f3wienia konsultacji w Malm\u00f6 prosz\u0119 o kontakt poprzez formularz dost\u0119pny na stronie internetowej \u2013 w tre\u015bci wiadomo\u015bci prosz\u0119 wpisa\u0107:&nbsp;<strong>\u201eGabinet w Malm\u00f6\u201d<\/strong>.<\/p>\n\n\n\n<p>Zapisy oraz informacje mo\u017cliwe s\u0105 r\u00f3wnie\u017c pod numerem telefonu:<\/p>\n\n\n\n<p><strong>+46 76 896 19 11&nbsp;<\/strong><\/p>\n\n\n\n<p>lub mailem:<\/p>\n\n\n\n<p><a href=\"mailto:psycholog@soundflowacademy.eu\" target=\"_blank\" rel=\"noreferrer noopener\">Kontakt e-mail<\/a><\/p>\n\n\n\n<p>Po ustaleniu terminu przesy\u0142ane s\u0105 informacje dotycz\u0105ce p\u0142atno\u015bci.<br><strong>Rezerwacja wizyty jest potwierdzona po dokonaniu p\u0142atno\u015bci.<\/strong><strong>Informacje organizacyjne<\/strong><\/p>\n\n\n\n<ul class=\"wp-block-list\">\n<li>J\u0119zyk spotka\u0144:&nbsp;<strong>polski<\/strong><\/li>\n\n\n\n<li>Forma:&nbsp;<strong>spotkania stacjonarne (Malm\u00f6) lub online<\/strong><\/li>\n\n\n\n<li>P\u0142atno\u015b\u0107:&nbsp;<strong>Swish lub faktura<\/strong><\/li>\n\n\n\n<li>Odwo\u0142anie wizyty p\u00f3\u017aniej ni\u017c&nbsp;<strong>24 godziny przed terminem<\/strong>&nbsp;wi\u0105\u017ce si\u0119 z pe\u0142n\u0105 op\u0142at\u0105<\/li>\n\n\n\n<li><strong>Rezerwacja wizyty jest potwierdzona po dokonaniu p\u0142atno\u015bci<\/strong><\/li>\n<\/ul>\n","protected":false},"excerpt":{"rendered":"<p>Cennik Konsultacja psychologiczna \/ terapia indywidualna50 minut \u2013&nbsp;1100 SEK Konsultacja seksuologiczna50 minut \u2013&nbsp;1300 SEK Terapia par75 minut \u2013&nbsp;1600 SEK Pakiety terapeutyczne Pakiety rekomendowane s\u0105 osobom planuj\u0105cym regularn\u0105 prac\u0119 terapeutyczn\u0105 i [&hellip;]<\/p>\n","protected":false},"author":1,"featured_media":0,"parent":0,"menu_order":0,"comment_status":"closed","ping_status":"closed","template":"","meta":{"saved_in_kubio":true,"_price":"","_stock":"","_tribe_ticket_header":"","_tribe_default_ticket_provider":"","_tribe_ticket_capacity":"0","_ticket_start_date":"","_ticket_end_date":"","_tribe_ticket_show_description":"","_tribe_ticket_show_not_going":false,"_tribe_ticket_use_global_stock":"","_tribe_ticket_global_stock_level":"","_global_stock_mode":"","_global_stock_cap":"","_tribe_rsvp_for_event":"","_tribe_ticket_going_count":"","_tribe_ticket_not_going_count":"","_tribe_tickets_list":"[]","_tribe_ticket_has_attendee_info_fields":false,"footnotes":"","_tec_slr_enabled":"","_tec_slr_layout":""},"class_list":["post-732","page","type-page","status-publish","hentry"],"kubio_ai_page_context":{"short_desc":"","purpose":"general"},"ticketed":false,"_links":{"self":[{"href":"https:\/\/soundflowacademy.eu\/index.php\/wp-json\/wp\/v2\/pages\/732","targetHints":{"allow":["GET"]}}],"collection":[{"href":"https:\/\/soundflowacademy.eu\/index.php\/wp-json\/wp\/v2\/pages"}],"about":[{"href":"https:\/\/soundflowacademy.eu\/index.php\/wp-json\/wp\/v2\/types\/page"}],"author":[{"embeddable":true,"href":"https:\/\/soundflowacademy.eu\/index.php\/wp-json\/wp\/v2\/users\/1"}],"replies":[{"embeddable":true,"href":"https:\/\/soundflowacademy.eu\/index.php\/wp-json\/wp\/v2\/comments?post=732"}],"version-history":[{"count":3,"href":"https:\/\/soundflowacademy.eu\/index.php\/wp-json\/wp\/v2\/pages\/732\/revisions"}],"predecessor-version":[{"id":740,"href":"https:\/\/soundflowacademy.eu\/index.php\/wp-json\/wp\/v2\/pages\/732\/revisions\/740"}],"wp:attachment":[{"href":"https:\/\/soundflowacademy.eu\/index.php\/wp-json\/wp\/v2\/media?parent=732"}],"curies":[{"name":"wp","href":"https:\/\/api.w.org\/{rel}","templated":true}]}}