{"id":722,"date":"2026-01-08T09:50:59","date_gmt":"2026-01-08T09:50:59","guid":{"rendered":"https:\/\/soundflowacademy.eu\/?page_id=722"},"modified":"2026-01-30T15:47:45","modified_gmt":"2026-01-30T15:47:45","slug":"polski-psycholog-w-szwecji","status":"publish","type":"page","link":"https:\/\/soundflowacademy.eu\/index.php\/polski-psycholog-w-szwecji\/","title":{"rendered":"Polski psycholog w Szwecji"},"content":{"rendered":"\n<h3 class=\"wp-block-heading\">Wsparcie psychologiczne i terapeutyczne w Malm\u00f6<\/h3>\n\n\n\n<h3 class=\"wp-block-heading\">Profesjonalne wsparcie dla os\u00f3b doros\u0142ych<\/h3>\n\n\n\n<p>Us\u0142uga skierowana jest do os\u00f3b doros\u0142ych poszukuj\u0105cych profesjonalnego wsparcia psychologicznego i terapeutycznego w Szwecji, w bezpiecznej, poufnej i wspieraj\u0105cej atmosferze.<\/p>\n\n\n\n<p>Sesje prowadzone s\u0105 przez do\u015bwiadczonego psychologa i terapeut\u0119&nbsp;<strong><a href=\"https:\/\/piotrzagdanski.pl\/gabinet-w-malmo\/\" target=\"_blank\" rel=\"noreferrer noopener\">Piotra Zagda\u0144skiego<\/a><\/strong>, w j\u0119zyku polskim.<\/p>\n\n\n\n<p>Wsparcie mo\u017ce by\u0107 pomocne m.in. w obszarach:<\/p>\n\n\n\n<ul class=\"wp-block-list\">\n<li>praca z emocjami i napi\u0119ciem psychicznym<\/li>\n\n\n\n<li>stres, przeci\u0105\u017cenie, wypalenie zawodowe<\/li>\n\n\n\n<li>zmiany \u017cyciowe, migracja, adaptacja do \u017cycia w Szwecji<\/li>\n\n\n\n<li>poprawa jako\u015bci \u017cycia i dobrostanu psychicznego<\/li>\n\n\n\n<li>rozw\u00f3j osobisty i wi\u0119ksza samo\u015bwiadomo\u015b\u0107<\/li>\n<\/ul>\n\n\n\n<p>Sesje maj\u0105 charakter wsparcia psychologicznego i terapeutycznego i s\u0105 dostosowywane indywidualnie do potrzeb klienta.<\/p>\n\n\n\n<hr class=\"wp-block-separator has-alpha-channel-opacity\"\/>\n\n\n\n<h3 class=\"wp-block-heading\">ORGANIZACJA US\u0141UGI I FAKTUROWANIE<\/h3>\n\n\n\n<p>Us\u0142ugi \u015bwiadczone na terenie Szwecji realizowane s\u0105 w ramach wsp\u00f3\u0142pracy z&nbsp;<strong>SoundFlow Academy<\/strong>.<\/p>\n\n\n\n<p>Faktury za sesje i us\u0142ugi realizowane w Szwecji wystawiane s\u0105 przez SoundFlow Academy zgodnie z obowi\u0105zuj\u0105cymi przepisami prawa szwedzkiego.<\/p>\n\n\n\n<hr class=\"wp-block-separator has-alpha-channel-opacity\"\/>\n\n\n\n<h3 class=\"wp-block-heading\">UMAWIANIE SESJI<\/h3>\n\n\n\n<p>Aby uzyska\u0107 wi\u0119cej informacji lub um\u00f3wi\u0107 sesj\u0119, prosimy o kontakt:<\/p>\n\n\n\n<p>\ud83d\udce7\u00a0<strong><a><strong>psycholog@soundflowacademy.eu<\/strong><\/a><\/strong><\/p>\n","protected":false},"excerpt":{"rendered":"<p>Wsparcie psychologiczne i terapeutyczne w Malm\u00f6 Profesjonalne wsparcie dla os\u00f3b doros\u0142ych Us\u0142uga skierowana jest do os\u00f3b doros\u0142ych poszukuj\u0105cych profesjonalnego wsparcia psychologicznego i terapeutycznego w Szwecji, w bezpiecznej, poufnej i wspieraj\u0105cej [&hellip;]<\/p>\n","protected":false},"author":1,"featured_media":0,"parent":0,"menu_order":0,"comment_status":"closed","ping_status":"closed","template":"","meta":{"saved_in_kubio":true,"_price":"","_stock":"","_tribe_ticket_header":"","_tribe_default_ticket_provider":"","_tribe_ticket_capacity":"0","_ticket_start_date":"","_ticket_end_date":"","_tribe_ticket_show_description":"","_tribe_ticket_show_not_going":false,"_tribe_ticket_use_global_stock":"","_tribe_ticket_global_stock_level":"","_global_stock_mode":"","_global_stock_cap":"","_tribe_rsvp_for_event":"","_tribe_ticket_going_count":"","_tribe_ticket_not_going_count":"","_tribe_tickets_list":"[]","_tribe_ticket_has_attendee_info_fields":false,"footnotes":"","_tec_slr_enabled":"","_tec_slr_layout":""},"class_list":["post-722","page","type-page","status-publish","hentry"],"kubio_ai_page_context":{"short_desc":"","purpose":"general"},"ticketed":false,"_links":{"self":[{"href":"https:\/\/soundflowacademy.eu\/index.php\/wp-json\/wp\/v2\/pages\/722","targetHints":{"allow":["GET"]}}],"collection":[{"href":"https:\/\/soundflowacademy.eu\/index.php\/wp-json\/wp\/v2\/pages"}],"about":[{"href":"https:\/\/soundflowacademy.eu\/index.php\/wp-json\/wp\/v2\/types\/page"}],"author":[{"embeddable":true,"href":"https:\/\/soundflowacademy.eu\/index.php\/wp-json\/wp\/v2\/users\/1"}],"replies":[{"embeddable":true,"href":"https:\/\/soundflowacademy.eu\/index.php\/wp-json\/wp\/v2\/comments?post=722"}],"version-history":[{"count":4,"href":"https:\/\/soundflowacademy.eu\/index.php\/wp-json\/wp\/v2\/pages\/722\/revisions"}],"predecessor-version":[{"id":738,"href":"https:\/\/soundflowacademy.eu\/index.php\/wp-json\/wp\/v2\/pages\/722\/revisions\/738"}],"wp:attachment":[{"href":"https:\/\/soundflowacademy.eu\/index.php\/wp-json\/wp\/v2\/media?parent=722"}],"curies":[{"name":"wp","href":"https:\/\/api.w.org\/{rel}","templated":true}]}}