{"id":2,"date":"2025-02-20T18:29:21","date_gmt":"2025-02-20T18:29:21","guid":{"rendered":"https:\/\/soundflowacademy.eu\/?page_id=2"},"modified":"2025-12-14T10:03:37","modified_gmt":"2025-12-14T10:03:37","slug":"sample-page","status":"publish","type":"page","link":"https:\/\/soundflowacademy.eu\/index.php\/home\/sample-page\/","title":{"rendered":"Resource Center"},"content":{"rendered":"\n<p>Jak odkry\u0107 sw\u00f3j unikalny g\u0142os?<br><br>Ka\u017cdy g\u0142os jest niepowtarzalny. To nie tylko narz\u0119dzie komunikacji, ale te\u017c wyraz osobowo\u015bci i emocji. Jak wi\u0119c odkry\u0107 sw\u00f3j unikalny d\u017awi\u0119k i nauczy\u0107 si\u0119 go wykorzystywa\u0107?<br><br>1. Poznaj swoje naturalne brzmienie<br>Pierwszym krokiem jest \u015bwiadomo\u015b\u0107 tego, jak brzmi Tw\u00f3j g\u0142os. Nagrywaj siebie podczas rozmowy, \u015bpiewania czy czytania na g\u0142os. To pomo\u017ce Ci us\u0142ysze\u0107 jego naturalne cechy i wychwyci\u0107 elementy do poprawy.<br><br>2. Pracuj nad technik\u0105<br>Prawid\u0142owa emisja g\u0142osu to podstawa. Kluczowe jest:<br><strong>Oddech<\/strong>\u00a0\u2013 g\u0142\u0119bokie oddychanie przeponowe pozwala unikn\u0105\u0107 napi\u0119\u0107,<br><strong>Artykulacja<\/strong>\u00a0\u2013 wyra\u017ana wymowa sprawia, \u017ce Tw\u00f3j g\u0142os brzmi pewnie,<br><strong>Resonans<\/strong>\u00a0\u2013 praca z przestrzeniami rezonacyjnymi mo\u017ce podnie\u015b\u0107 jako\u015b\u0107 Twojego d\u017awi\u0119ku.<br><br>3. Eksperymentuj<br>Nie ograniczaj si\u0119 do jednego stylu! \u015apiewaj r\u00f3\u017cne gatunki muzyczne, baw si\u0119 intonacj\u0105 i g\u0142o\u015bno\u015bci\u0105. Im wi\u0119cej testujesz, tym lepiej poznajesz mo\u017cliwo\u015bci swojego g\u0142osu.<br><br>4. Pracuj z profesjonalist\u0105<br>Trener wokalny pomo\u017ce Ci wydoby\u0107 to, co w Twoim g\u0142osie najlepsze. Wsp\u00f3lna praca nad technik\u0105 i interpretacj\u0105 pozwoli Ci w pe\u0142ni wykorzysta\u0107 sw\u00f3j potencja\u0142.<\/p>\n\n\n\n<blockquote class=\"wp-block-quote is-layout-flow wp-block-quote-is-layout-flow\"><\/blockquote>\n\n\n\n<blockquote class=\"wp-block-quote is-layout-flow wp-block-quote-is-layout-flow\"><\/blockquote>\n","protected":false},"excerpt":{"rendered":"<p>Jak odkry\u0107 sw\u00f3j unikalny g\u0142os? Ka\u017cdy g\u0142os jest niepowtarzalny. To nie tylko narz\u0119dzie komunikacji, ale te\u017c wyraz osobowo\u015bci i emocji. Jak wi\u0119c odkry\u0107 sw\u00f3j unikalny d\u017awi\u0119k i nauczy\u0107 si\u0119 go [&hellip;]<\/p>\n","protected":false},"author":1,"featured_media":0,"parent":6,"menu_order":0,"comment_status":"closed","ping_status":"open","template":"","meta":{"saved_in_kubio":true,"_price":"","_stock":"","_tribe_ticket_header":"","_tribe_default_ticket_provider":"","_tribe_ticket_capacity":"0","_ticket_start_date":"","_ticket_end_date":"","_tribe_ticket_show_description":"","_tribe_ticket_show_not_going":false,"_tribe_ticket_use_global_stock":"","_tribe_ticket_global_stock_level":"","_global_stock_mode":"","_global_stock_cap":"","_tribe_rsvp_for_event":"","_tribe_ticket_going_count":"","_tribe_ticket_not_going_count":"","_tribe_tickets_list":"[]","_tribe_ticket_has_attendee_info_fields":false,"footnotes":"","_tec_slr_enabled":"","_tec_slr_layout":""},"class_list":["post-2","page","type-page","status-publish","hentry"],"kubio_ai_page_context":{"short_desc":"","purpose":"general"},"ticketed":false,"_links":{"self":[{"href":"https:\/\/soundflowacademy.eu\/index.php\/wp-json\/wp\/v2\/pages\/2","targetHints":{"allow":["GET"]}}],"collection":[{"href":"https:\/\/soundflowacademy.eu\/index.php\/wp-json\/wp\/v2\/pages"}],"about":[{"href":"https:\/\/soundflowacademy.eu\/index.php\/wp-json\/wp\/v2\/types\/page"}],"author":[{"embeddable":true,"href":"https:\/\/soundflowacademy.eu\/index.php\/wp-json\/wp\/v2\/users\/1"}],"replies":[{"embeddable":true,"href":"https:\/\/soundflowacademy.eu\/index.php\/wp-json\/wp\/v2\/comments?post=2"}],"version-history":[{"count":3,"href":"https:\/\/soundflowacademy.eu\/index.php\/wp-json\/wp\/v2\/pages\/2\/revisions"}],"predecessor-version":[{"id":588,"href":"https:\/\/soundflowacademy.eu\/index.php\/wp-json\/wp\/v2\/pages\/2\/revisions\/588"}],"up":[{"embeddable":true,"href":"https:\/\/soundflowacademy.eu\/index.php\/wp-json\/wp\/v2\/pages\/6"}],"wp:attachment":[{"href":"https:\/\/soundflowacademy.eu\/index.php\/wp-json\/wp\/v2\/media?parent=2"}],"curies":[{"name":"wp","href":"https:\/\/api.w.org\/{rel}","templated":true}]}}